{"id":1870,"date":"2020-10-20T08:30:57","date_gmt":"2020-10-20T06:30:57","guid":{"rendered":"https:\/\/dataprivacy.expert\/?page_id=1870"},"modified":"2024-12-15T06:24:40","modified_gmt":"2024-12-15T05:24:40","slug":"vendors","status":"publish","type":"page","link":"https:\/\/dataprivacy.expert\/index.php\/vendors\/","title":{"rendered":"vendors"},"content":{"rendered":"<p>[et_pb_section fb_built=\u00a0\u00bb1&Prime; _builder_version=\u00a0\u00bb4.16&Prime; global_colors_info=\u00a0\u00bb{}\u00a0\u00bb][et_pb_row _builder_version=\u00a0\u00bb4.17.4&Prime; _module_preset=\u00a0\u00bbdefault\u00a0\u00bb global_colors_info=\u00a0\u00bb{}\u00a0\u00bb][et_pb_column type=\u00a0\u00bb4_4&Prime; _builder_version=\u00a0\u00bb4.17.4&Prime; _module_preset=\u00a0\u00bbdefault\u00a0\u00bb global_colors_info=\u00a0\u00bb{}\u00a0\u00bb][et_pb_code _builder_version=\u00a0\u00bb4.17.4&Prime; _module_preset=\u00a0\u00bbdefault\u00a0\u00bb global_colors_info=\u00a0\u00bb{}\u00a0\u00bb]<!DOCTYPE html><!-- [et_pb_line_break_holder] --><html lang=\"fr\"><!-- [et_pb_line_break_holder] --><head><!-- [et_pb_line_break_holder] -->    <meta charset=\"UTF-8\"><!-- [et_pb_line_break_holder] -->    <meta name=\"viewport\" content=\"width=device-width, initial-scale=1.0\"><!-- [et_pb_line_break_holder] -->    <title>Calculateur de Gain RSU<\/title><!-- [et_pb_line_break_holder] -->    <\/p>\n<style><!-- [et_pb_line_break_holder] -->        body {<!-- [et_pb_line_break_holder] -->            font-family: Arial, sans-serif;<!-- [et_pb_line_break_holder] -->            margin: 20px;<!-- [et_pb_line_break_holder] -->            background-color: #f5f5f5;<!-- [et_pb_line_break_holder] -->        }<!-- [et_pb_line_break_holder] -->        .container {<!-- [et_pb_line_break_holder] -->            max-width: 600px;<!-- [et_pb_line_break_holder] -->            margin: 0 auto;<!-- [et_pb_line_break_holder] -->            background: #fff;<!-- [et_pb_line_break_holder] -->            padding: 20px;<!-- [et_pb_line_break_holder] -->            border-radius: 8px;<!-- [et_pb_line_break_holder] -->            box-shadow: 0 2px 5px rgba(0, 0, 0, 0.1);<!-- [et_pb_line_break_holder] -->        }<!-- [et_pb_line_break_holder] -->        .form-group {<!-- [et_pb_line_break_holder] -->            margin-bottom: 15px;<!-- [et_pb_line_break_holder] -->        }<!-- [et_pb_line_break_holder] -->        label {<!-- [et_pb_line_break_holder] -->            display: block;<!-- [et_pb_line_break_holder] -->            margin-bottom: 5px;<!-- [et_pb_line_break_holder] -->            font-weight: bold;<!-- [et_pb_line_break_holder] -->        }<!-- [et_pb_line_break_holder] -->        input[type=\"number\"], input[type=\"text\"], input[type=\"date\"] {<!-- [et_pb_line_break_holder] -->            width: 100%;<!-- [et_pb_line_break_holder] -->            padding: 10px;<!-- [et_pb_line_break_holder] -->            border: 1px solid #ccc;<!-- [et_pb_line_break_holder] -->            border-radius: 4px;<!-- [et_pb_line_break_holder] -->        }<!-- [et_pb_line_break_holder] -->        .results {<!-- [et_pb_line_break_holder] -->            margin-top: 20px;<!-- [et_pb_line_break_holder] -->            padding: 10px;<!-- [et_pb_line_break_holder] -->            background: #eef;<!-- [et_pb_line_break_holder] -->            border-radius: 4px;<!-- [et_pb_line_break_holder] -->        }<!-- [et_pb_line_break_holder] -->        button {<!-- [et_pb_line_break_holder] -->            background-color: #007bff;<!-- [et_pb_line_break_holder] -->            color: white;<!-- [et_pb_line_break_holder] -->            border: none;<!-- [et_pb_line_break_holder] -->            padding: 10px 15px;<!-- [et_pb_line_break_holder] -->            border-radius: 4px;<!-- [et_pb_line_break_holder] -->            cursor: pointer;<!-- [et_pb_line_break_holder] -->        }<!-- [et_pb_line_break_holder] -->        button:hover {<!-- [et_pb_line_break_holder] -->            background-color: #0056b3;<!-- [et_pb_line_break_holder] -->        }<!-- [et_pb_line_break_holder] -->        .hidden {<!-- [et_pb_line_break_holder] -->            display: none;<!-- [et_pb_line_break_holder] -->        }<!-- [et_pb_line_break_holder] -->        .visible {<!-- [et_pb_line_break_holder] -->            display: block;<!-- [et_pb_line_break_holder] -->        }<!-- [et_pb_line_break_holder] -->    <\/style>\n<p><!-- [et_pb_line_break_holder] --><\/head><!-- [et_pb_line_break_holder] --><body data-rsssl=1><!-- [et_pb_line_break_holder] -->    <\/p>\n<div class=\"container\"><!-- [et_pb_line_break_holder] -->        <!-- [et_pb_line_break_holder] -->        <\/p>\n<h1>Calculateur de Gain RSU<\/h1>\n<p><!-- [et_pb_line_break_holder] -->        <\/p>\n<form id=\"rsuForm\"><!-- [et_pb_line_break_holder] -->            <\/p>\n<div class=\"form-group\"><!-- [et_pb_line_break_holder] -->                <label for=\"numShares\">Nombre d&rsquo;actions vendues :<\/label><!-- [et_pb_line_break_holder] -->                <input type=\"number\" id=\"numShares\" required><!-- [et_pb_line_break_holder] -->            <\/div>\n<p><!-- [et_pb_line_break_holder] -->            <\/p>\n<div class=\"form-group\"><!-- [et_pb_line_break_holder] -->                <label for=\"acquisitionPrice\">Prix d&rsquo;acquisition (USD) :<\/label><!-- [et_pb_line_break_holder] -->                <input type=\"number\" step=\"0.01\" id=\"acquisitionPrice\" required><!-- [et_pb_line_break_holder] -->            <\/div>\n<p><!-- [et_pb_line_break_holder] -->            <\/p>\n<div class=\"form-group\"><!-- [et_pb_line_break_holder] -->                <label for=\"acquisitionDate\">Date d&rsquo;acquisition (JJ\/MM\/AAAA) :<\/label><!-- [et_pb_line_break_holder] -->                <input type=\"date\" id=\"acquisitionDate\" required><!-- [et_pb_line_break_holder] -->            <\/div>\n<p><!-- [et_pb_line_break_holder] -->            <\/p>\n<div class=\"form-group\"><!-- [et_pb_line_break_holder] -->                <label for=\"salePrice\">Prix de vente (USD) :<\/label><!-- [et_pb_line_break_holder] -->                <input type=\"number\" step=\"0.01\" id=\"salePrice\" required><!-- [et_pb_line_break_holder] -->            <\/div>\n<p><!-- [et_pb_line_break_holder] -->            <\/p>\n<div class=\"form-group\"><!-- [et_pb_line_break_holder] -->                <label for=\"conversionRate\">Taux de conversion USD\/EUR (Par d\u00e9faut : 0,93) :<\/label><!-- [et_pb_line_break_holder] -->                <input type=\"number\" step=\"0.01\" id=\"conversionRate\" value=\"0.93\" required><!-- [et_pb_line_break_holder] -->            <\/div>\n<p><!-- [et_pb_line_break_holder] -->            <button type=\"button\" onclick=\"calculate()\">Calculer<\/button><!-- [et_pb_line_break_holder] -->        <\/form>\n<p><!-- [et_pb_line_break_holder] --><!-- [et_pb_line_break_holder] -->        <\/p>\n<div class=\"results hidden\" id=\"resultsUSD\"><!-- [et_pb_line_break_holder] -->            <\/p>\n<h3>R\u00e9sultats en USD<\/h3>\n<p><!-- [et_pb_line_break_holder] -->            <pee id=\"usdResults\"><\/pee><!-- [et_pb_line_break_holder] -->            <pee id=\"usdGross\"><\/pee><!-- [et_pb_line_break_holder] -->            <pee id=\"usdAdvantage\"><\/pee><!-- [et_pb_line_break_holder] -->            <pee id=\"usdTax\"><\/pee><!-- [et_pb_line_break_holder] -->        <\/div>\n<p><!-- [et_pb_line_break_holder] --><!-- [et_pb_line_break_holder] -->        <\/p>\n<div class=\"results hidden\" id=\"resultsEUR\"><!-- [et_pb_line_break_holder] -->            <\/p>\n<h3>R\u00e9sultats en EUR<\/h3>\n<p><!-- [et_pb_line_break_holder] -->            <pee id=\"eurResults\"><\/pee><!-- [et_pb_line_break_holder] -->            <pee id=\"eurGross\"><\/pee><!-- [et_pb_line_break_holder] -->            <pee id=\"eurAdvantage\"><\/pee><!-- [et_pb_line_break_holder] -->            <pee id=\"eurTax\"><\/pee><!-- [et_pb_line_break_holder] -->            <pee id=\"eurSocialTax\"><\/pee><!-- [et_pb_line_break_holder] -->            <pee id=\"eurHoldingPeriod\"><\/pee><!-- [et_pb_line_break_holder] -->            <pee id=\"eurDiscount\"><\/pee><!-- [et_pb_line_break_holder] -->            <pee id=\"eurTaxableProfit\"><\/pee><!-- [et_pb_line_break_holder] -->            <pee id=\"eurPFU\"><\/pee><!-- [et_pb_line_break_holder] -->            <pee id=\"eurTotalTax\"><\/pee><!-- [et_pb_line_break_holder] -->            <pee id=\"eurNetIncome\"><\/pee><!-- [et_pb_line_break_holder] -->        <\/div>\n<p><!-- [et_pb_line_break_holder] -->        <\/p>\n<div class=\"results hidden\" id=\"declarationImpots\"><!-- [et_pb_line_break_holder] -->            <pee><strong id=\"declarationSummary\"><\/strong><\/pee><!-- [et_pb_line_break_holder] -->            <pee id=\"investmentPlan\"><\/pee><!-- [et_pb_line_break_holder] -->            <pee><strong id=\"declarationSummary\"><\/strong><\/pee><!-- [et_pb_line_break_holder] -->            <\/p>\n<h3>D\u00e9claration Imp\u00f4ts<\/h3>\n<p><!-- [et_pb_line_break_holder] -->            <pee id=\"case1AJ\"><\/pee><!-- [et_pb_line_break_holder] -->            <pee id=\"case3VZ\"><\/pee><!-- [et_pb_line_break_holder] -->            <pee id=\"case3VG\"><\/pee><!-- [et_pb_line_break_holder] -->        <\/div>\n<p><!-- [et_pb_line_break_holder] -->        <script><!-- [et_pb_line_break_holder] -->        function formatEuro(amount) {<!-- [et_pb_line_break_holder] -->            return new Intl.NumberFormat('fr-FR', {<!-- [et_pb_line_break_holder] -->                style: 'currency',<!-- [et_pb_line_break_holder] -->                currency: 'EUR',<!-- [et_pb_line_break_holder] -->                minimumFractionDigits: 0,<!-- [et_pb_line_break_holder] -->                maximumFractionDigits: 0<!-- [et_pb_line_break_holder] -->            }).format(amount);<!-- [et_pb_line_break_holder] -->        }<!-- [et_pb_line_break_holder] --><!-- [et_pb_line_break_holder] -->        function toggleVisibility(elementId, isVisible) {<!-- [et_pb_line_break_holder] -->            const element = document.getElementById(elementId);<!-- [et_pb_line_break_holder] -->            element.className = isVisible ? 'results visible' : 'results hidden';<!-- [et_pb_line_break_holder] -->        }<!-- [et_pb_line_break_holder] --><!-- [et_pb_line_break_holder] -->        function calculate() {<!-- [et_pb_line_break_holder] -->            const numShares = parseFloat(document.getElementById('numShares').value);<!-- [et_pb_line_break_holder] -->            const acquisitionPrice = parseFloat(document.getElementById('acquisitionPrice').value);<!-- [et_pb_line_break_holder] -->            const salePrice = parseFloat(document.getElementById('salePrice').value);<!-- [et_pb_line_break_holder] -->            const conversionRate = parseFloat(document.getElementById('conversionRate').value);<!-- [et_pb_line_break_holder] -->            const acquisitionDate = document.getElementById('acquisitionDate').value;<!-- [et_pb_line_break_holder] --><!-- [et_pb_line_break_holder] -->            if (isNaN(numShares) || isNaN(acquisitionPrice) || isNaN(salePrice) || isNaN(conversionRate) || !acquisitionDate) {<!-- [et_pb_line_break_holder] -->                alert('Veuillez remplir tous les champs correctement.');<!-- [et_pb_line_break_holder] -->                return;<!-- [et_pb_line_break_holder] -->            }<!-- [et_pb_line_break_holder] --><!-- [et_pb_line_break_holder] -->            const currentYear = new Date().getFullYear();<!-- [et_pb_line_break_holder] -->            const acquisitionYear = parseInt(acquisitionDate.split('-')[0]);<!-- [et_pb_line_break_holder] -->            const holdingPeriod = currentYear - acquisitionYear;<!-- [et_pb_line_break_holder] -->            const discountRate = holdingPeriod > 8 ? 0.65 : 0.50;<!-- [et_pb_line_break_holder] --><!-- [et_pb_line_break_holder] -->            const grossProfitUSD = Math.round((salePrice - acquisitionPrice) * numShares);<!-- [et_pb_line_break_holder] -->            const gainUSD = grossProfitUSD;<!-- [et_pb_line_break_holder] -->            const advantageUSD = Math.round(numShares * acquisitionPrice * 0.5);<!-- [et_pb_line_break_holder] -->            const taxUSD = Math.round(advantageUSD * 0.3);<!-- [et_pb_line_break_holder] --><!-- [et_pb_line_break_holder] -->            const gainEUR = Math.round(gainUSD * conversionRate);<!-- [et_pb_line_break_holder] -->            const grossProfitEUR = Math.round(grossProfitUSD * conversionRate);<!-- [et_pb_line_break_holder] -->            const advantageEUR = Math.round(advantageUSD * conversionRate);<!-- [et_pb_line_break_holder] -->            const taxEUR = Math.round(taxUSD * conversionRate);<!-- [et_pb_line_break_holder] -->            const socialTaxEUR = Math.round(grossProfitEUR * 0.172);<!-- [et_pb_line_break_holder] --><!-- [et_pb_line_break_holder] -->            const discountEUR = Math.round(grossProfitEUR * discountRate);<!-- [et_pb_line_break_holder] -->            const taxableProfitEUR = grossProfitEUR - discountEUR;<!-- [et_pb_line_break_holder] -->            const pfuEUR = Math.round(taxableProfitEUR * 0.3);<!-- [et_pb_line_break_holder] -->            const totalTaxEUR = taxEUR + socialTaxEUR + pfuEUR;<!-- [et_pb_line_break_holder] --><!-- [et_pb_line_break_holder] -->            const netIncomeEUR = Math.round((numShares * salePrice * conversionRate) - totalTaxEUR);<!-- [et_pb_line_break_holder] --><!-- [et_pb_line_break_holder] -->            document.getElementById('usdResults').innerText = `Gain en USD : $${gainUSD}`;<!-- [et_pb_line_break_holder] -->            document.getElementById('usdGross').innerText = `Plus-value brute en USD : $${grossProfitUSD}`;<!-- [et_pb_line_break_holder] -->            document.getElementById('usdAdvantage').innerText = `Avantage salarial en USD : $${advantageUSD}`;<!-- [et_pb_line_break_holder] -->            document.getElementById('usdTax').innerText = `Imp\u00f4ts sur le revenu en USD : $${taxUSD}`;<!-- [et_pb_line_break_holder] -->            toggleVisibility('resultsUSD', true);<!-- [et_pb_line_break_holder] --><!-- [et_pb_line_break_holder] -->            document.getElementById('eurResults').innerText = `Gain en EUR : ${formatEuro(gainEUR)}`;<!-- [et_pb_line_break_holder] -->            document.getElementById('eurGross').innerText = `Plus-value brute en EUR : ${formatEuro(grossProfitEUR)}`;<!-- [et_pb_line_break_holder] -->            document.getElementById('eurAdvantage').innerText = `Avantage salarial en EUR : ${formatEuro(advantageEUR)}`;<!-- [et_pb_line_break_holder] -->            document.getElementById('eurTax').innerText = `Imp\u00f4ts sur le revenu en EUR : ${formatEuro(taxEUR)}`;<!-- [et_pb_line_break_holder] -->            document.getElementById('eurSocialTax').innerText = `Pr\u00e9l\u00e8vements sociaux (17,2%) : ${formatEuro(socialTaxEUR)}`;<!-- [et_pb_line_break_holder] -->            document.getElementById('eurHoldingPeriod').innerText = `Temps de d\u00e9tention : ${holdingPeriod} an(s)`;<!-- [et_pb_line_break_holder] -->            document.getElementById('eurDiscount').innerText = `Abattement (${discountRate * 100}%) : ${formatEuro(discountEUR)}`;<!-- [et_pb_line_break_holder] -->            document.getElementById('eurTaxableProfit').innerText = `Plus-value imposable en EUR : ${formatEuro(taxableProfitEUR)}`;<!-- [et_pb_line_break_holder] -->            document.getElementById('eurPFU').innerText = `PFU (30%) : ${formatEuro(pfuEUR)}`;<!-- [et_pb_line_break_holder] -->            document.getElementById('eurTotalTax').innerText = `Imp\u00f4ts total en EUR : ${formatEuro(totalTaxEUR)}`;<!-- [et_pb_line_break_holder] -->            document.getElementById('eurNetIncome').innerText = `Revenu NET en EUR : ${formatEuro(netIncomeEUR)}`;<!-- [et_pb_line_break_holder] -->            toggleVisibility('resultsEUR', true);<!-- [et_pb_line_break_holder] --><!-- [et_pb_line_break_holder] -->            document.getElementById('case1AJ').innerText = `Case 1AJ : ${formatEuro(taxEUR)}`;<!-- [et_pb_line_break_holder] -->            document.getElementById('case3VZ').innerText = `Case 3VZ : ${formatEuro(grossProfitEUR)}`;<!-- [et_pb_line_break_holder] -->            document.getElementById('case3VG').innerText = `Case 3VG : ${formatEuro(taxableProfitEUR)}`;<!-- [et_pb_line_break_holder] --><!-- [et_pb_line_break_holder] -->            const nextYear = currentYear + 1;<!-- [et_pb_line_break_holder] -->            const yearAfterNext = currentYear + 2;<!-- [et_pb_line_break_holder] -->            const compoundNet = Math.round(netIncomeEUR * Math.pow(1 + 0.08 \/ 12, 17));<!-- [et_pb_line_break_holder] -->            const compoundTax = Math.round(totalTaxEUR * Math.pow(1 + 0.03 \/ 12, 17));<!-- [et_pb_line_break_holder] -->            toggleVisibility('declarationImpots', true);<!-- [et_pb_line_break_holder] -->            document.getElementById('investmentPlan').innerHTML = `<strong>Si vous vendez d\u00e9but ${nextYear}, vous d\u00e9clarerez cette vente qu'au mois de mai ${yearAfterNext} et vous paierez les imp\u00f4ts qu'\u00e0 partir de septembre ${yearAfterNext}. Pendant ce temps, en investissant vos ${formatEuro(netIncomeEUR)} \u00e0 un taux moyen de 8% et vos ${formatEuro(totalTaxEUR)} \u00e0 un taux moyen de 3% (pour s\u00e9curiser), vous aurez gagn\u00e9 (${formatEuro(compoundNet - netIncomeEUR)}) + (${formatEuro(compoundTax - totalTaxEUR)}) gr\u00e2ce aux int\u00e9r\u00eats compos\u00e9s.<\/strong>`;<!-- [et_pb_line_break_holder] -->            document.getElementById('declarationSummary').innerHTML = `<strong>Pour ${numShares} action(s) vendu(e)(s) \u00e0 ${formatEuro(salePrice * conversionRate)}. Vous avez obtenu ${formatEuro(netIncomeEUR)} net et vos imp\u00f4ts s'\u00e9l\u00e8vent \u00e0 ${formatEuro(totalTaxEUR)}.<\/strong>`;<!-- [et_pb_line_break_holder] -->        }<!-- [et_pb_line_break_holder] -->        <\/script><!-- [et_pb_line_break_holder] --><\/body><!-- [et_pb_line_break_holder] --><\/html><!-- [et_pb_line_break_holder] -->[\/et_pb_code][\/et_pb_column][\/et_pb_row][\/et_pb_section]<\/p>\n","protected":false},"excerpt":{"rendered":"","protected":false},"author":1,"featured_media":0,"parent":0,"menu_order":0,"comment_status":"closed","ping_status":"closed","template":"","meta":{"_et_pb_use_builder":"on","_et_pb_old_content":"","_et_gb_content_width":"","footnotes":""},"class_list":["post-1870","page","type-page","status-publish","hentry"],"_customize_changeset_uuid":null,"_wp_attached_file":null,"_wp_attachment_metadata":null,"_wp_page_template":null,"_et_post_bg_color":null,"_et_post_bg_layout":null,"_et_pb_show_title":null,"_et_pb_module_type":null,"_bbp_last_active_time":null,"_bbp_forum_subforum_count":null,"_bbp_reply_count":null,"_bbp_total_reply_count":null,"_bbp_topic_count":null,"_bbp_total_topic_count":null,"_bbp_topic_count_hidden":null,"_menu_item_type":null,"_menu_item_menu_item_parent":null,"_menu_item_object_id":null,"_menu_item_object":null,"_menu_item_target":null,"_menu_item_classes":null,"_menu_item_xfn":null,"_menu_item_url":null,"pms-content-restrict-custom-redirect-url":null,"pms-content-restrict-message-logged_out":null,"pms-content-restrict-message-non_members":null,"pms-content-restrict-type":null,"_um_custom_fields":null,"_um_register_use_custom_settings":null,"_um_login_use_custom_settings":null,"_um_profile_use_custom_settings":null,"_um_template":null,"_um_has_profile_photo":null,"_um_has_cover_photo":null,"_um_show_social":null,"_um_show_userinfo":null,"_um_show_tagline":null,"_um_search":null,"_um_userinfo_animate":null,"_um_sortby":null,"_um_profile_photo":null,"_um_cover_photos":null,"_um_show_name":null,"_um_directory_header":null,"_um_directory_header_single":null,"_um_directory_no_users":null,"_um_profiles_per_page":null,"_um_profiles_per_page_mobile":null,"_tablepress_table_options":null,"_tablepress_table_visibility":null,"wpuf_form_settings":null,"wpuf_form_version":null,"_wpmem_item_settings":null,"_wp_attachment_context":null,"_wp_attachment_backup_sizes":null,"_et_pb_project_nav":null,"_menu_item_orphaned":null,"_wpmem_block":null,"stm-name":null,"stm-formula":null,"stm-fields":null,"stm-conditions":null,"ccb-custom-styles":null,"ccb-custom-fields":null,"_global_colors_info":"{}","ccb_calc_preset_idx":null,"_et_dynamic_cached_shortcodes":{"0":"et_pb_section","1":"et_pb_row","2":"et_pb_column","12":"et_pb_code"},"_et_dynamic_cached_attributes":[],"_edit_lock":"1754411390:1","_edit_last":"1","_et_pb_post_hide_nav":"default","_et_pb_page_layout":"et_right_sidebar","_et_pb_side_nav":"off","_et_pb_use_builder":"on","_et_builder_version":"VB|Divi|4.17.4","_et_pb_show_page_creation":"off","_et_pb_old_content":null,"_et_pb_enable_shortcode_tracking":"","_et_pb_custom_css":"","_et_pb_built_for_post_type":"page","_et_pb_ab_subjects":"","_et_pb_ab_current_shortcode":"[et_pb_split_track id=\"1870\" \/]","_thumbnail_id":"0","_et_pb_ab_stats_refresh_interval":null,"_et_pb_use_ab_testing":null,"_um_mode":null,"_um_core":null,"um_content_restriction":null,"_yoast_wpseo_content_score":null,"_et_pb_gutter_width":"3","_et_pb_first_image":"","_et_pb_truncate_post":"","_et_pb_truncate_post_date":"","_et_gb_content_width":"","_et_builder_dynamic_assets_loading_attr_threshold":null,"_links":{"self":[{"href":"https:\/\/dataprivacy.expert\/index.php\/wp-json\/wp\/v2\/pages\/1870","targetHints":{"allow":["GET"]}}],"collection":[{"href":"https:\/\/dataprivacy.expert\/index.php\/wp-json\/wp\/v2\/pages"}],"about":[{"href":"https:\/\/dataprivacy.expert\/index.php\/wp-json\/wp\/v2\/types\/page"}],"author":[{"embeddable":true,"href":"https:\/\/dataprivacy.expert\/index.php\/wp-json\/wp\/v2\/users\/1"}],"replies":[{"embeddable":true,"href":"https:\/\/dataprivacy.expert\/index.php\/wp-json\/wp\/v2\/comments?post=1870"}],"version-history":[{"count":83,"href":"https:\/\/dataprivacy.expert\/index.php\/wp-json\/wp\/v2\/pages\/1870\/revisions"}],"predecessor-version":[{"id":3946,"href":"https:\/\/dataprivacy.expert\/index.php\/wp-json\/wp\/v2\/pages\/1870\/revisions\/3946"}],"wp:attachment":[{"href":"https:\/\/dataprivacy.expert\/index.php\/wp-json\/wp\/v2\/media?parent=1870"}],"curies":[{"name":"wp","href":"https:\/\/api.w.org\/{rel}","templated":true}]}}